{"id":988,"date":"2021-03-02T22:04:04","date_gmt":"2021-03-02T22:04:04","guid":{"rendered":"https:\/\/www.simcut.com\/?page_id=988"},"modified":"2024-05-22T16:13:31","modified_gmt":"2024-05-22T16:13:31","slug":"knife-edge-wide","status":"publish","type":"page","link":"https:\/\/simcut.com\/es\/products\/knife-edge-wide\/","title":{"rendered":"Cuchillas para pelar y partir"},"content":{"rendered":"","protected":false},"excerpt":{"rendered":"","protected":false},"author":1,"featured_media":0,"parent":246,"menu_order":0,"comment_status":"closed","ping_status":"closed","template":"","meta":{"footnotes":""},"class_list":["post-988","page","type-page","status-publish","hentry"],"yoast_head":"<!-- This site is optimized with the Yoast SEO plugin v27.2 - https:\/\/yoast.com\/product\/yoast-seo-wordpress\/ -->\n<title>Peeling &amp; Splitting Bandknife Blades - Simmons Knife &amp; Saw<\/title>\n<meta name=\"description\" content=\"Simmons&#039; Wide Knife Edge bandknife blades are designed for peeling and splitting all foam types as well as cork, leather, and rubber products.\" \/>\n<meta name=\"robots\" content=\"index, follow, max-snippet:-1, max-image-preview:large, max-video-preview:-1\" \/>\n<link rel=\"canonical\" href=\"https:\/\/simcut.com\/es\/products\/knife-edge-wide\/\" \/>\n<meta property=\"og:locale\" content=\"es_ES\" \/>\n<meta property=\"og:type\" content=\"article\" \/>\n<meta property=\"og:title\" content=\"Peeling &amp; Splitting Bandknife Blades - Simmons Knife &amp; Saw\" \/>\n<meta property=\"og:description\" content=\"Simmons&#039; Wide Knife Edge bandknife blades are designed for peeling and splitting all foam types as well as cork, leather, and rubber products.\" \/>\n<meta property=\"og:url\" content=\"https:\/\/simcut.com\/es\/products\/knife-edge-wide\/\" \/>\n<meta property=\"og:site_name\" content=\"Simmons Knife &amp; Saw\" \/>\n<meta property=\"article:modified_time\" content=\"2024-05-22T16:13:31+00:00\" \/>\n<meta name=\"twitter:card\" content=\"summary_large_image\" \/>\n<script type=\"application\/ld+json\" class=\"yoast-schema-graph\">{\"@context\":\"https:\/\/schema.org\",\"@graph\":[{\"@type\":\"WebPage\",\"@id\":\"https:\/\/simcut.com\/products\/knife-edge-wide\/\",\"url\":\"https:\/\/simcut.com\/products\/knife-edge-wide\/\",\"name\":\"Peeling & Splitting Bandknife Blades - Simmons Knife &amp; Saw\",\"isPartOf\":{\"@id\":\"https:\/\/simcut.com\/#website\"},\"datePublished\":\"2021-03-02T22:04:04+00:00\",\"dateModified\":\"2024-05-22T16:13:31+00:00\",\"description\":\"Simmons' Wide Knife Edge bandknife blades are designed for peeling and splitting all foam types as well as cork, leather, and rubber products.\",\"breadcrumb\":{\"@id\":\"https:\/\/simcut.com\/products\/knife-edge-wide\/#breadcrumb\"},\"inLanguage\":\"es\",\"potentialAction\":[{\"@type\":\"ReadAction\",\"target\":[\"https:\/\/simcut.com\/products\/knife-edge-wide\/\"]}]},{\"@type\":\"BreadcrumbList\",\"@id\":\"https:\/\/simcut.com\/products\/knife-edge-wide\/#breadcrumb\",\"itemListElement\":[{\"@type\":\"ListItem\",\"position\":1,\"name\":\"Home\",\"item\":\"https:\/\/simcut.com\/\"},{\"@type\":\"ListItem\",\"position\":2,\"name\":\"Shop Bandknife &#038; Bandsaw Blades\",\"item\":\"https:\/\/simcut.com\/products\/\"},{\"@type\":\"ListItem\",\"position\":3,\"name\":\"Peeling &#038; Splitting Bandknife Blades\"}]},{\"@type\":\"WebSite\",\"@id\":\"https:\/\/simcut.com\/#website\",\"url\":\"https:\/\/simcut.com\/\",\"name\":\"Simmons Knife &amp; Saw\",\"description\":\"Simmons Knife &amp; Saw\",\"potentialAction\":[{\"@type\":\"SearchAction\",\"target\":{\"@type\":\"EntryPoint\",\"urlTemplate\":\"https:\/\/simcut.com\/?s={search_term_string}\"},\"query-input\":{\"@type\":\"PropertyValueSpecification\",\"valueRequired\":true,\"valueName\":\"search_term_string\"}}],\"inLanguage\":\"es\"}]}<\/script>\n<!-- \/ Yoast SEO plugin. -->","yoast_head_json":{"title":"Hojas de cuchillas de cinta para pelar y partir - Simmons Knife &amp; Saw","description":"Las hojas de cuchillas de cinta Wide Knife Edge de Simmons est\u00e1n dise\u00f1adas para pelar y dividir todo tipo de espuma, as\u00ed como productos de corcho, cuero y caucho.","robots":{"index":"index","follow":"follow","max-snippet":"max-snippet:-1","max-image-preview":"max-image-preview:large","max-video-preview":"max-video-preview:-1"},"canonical":"https:\/\/simcut.com\/es\/products\/knife-edge-wide\/","og_locale":"es_ES","og_type":"article","og_title":"Peeling & Splitting Bandknife Blades - Simmons Knife &amp; Saw","og_description":"Simmons' Wide Knife Edge bandknife blades are designed for peeling and splitting all foam types as well as cork, leather, and rubber products.","og_url":"https:\/\/simcut.com\/es\/products\/knife-edge-wide\/","og_site_name":"Simmons Knife &amp; Saw","article_modified_time":"2024-05-22T16:13:31+00:00","twitter_card":"summary_large_image","schema":{"@context":"https:\/\/schema.org","@graph":[{"@type":"WebPage","@id":"https:\/\/simcut.com\/products\/knife-edge-wide\/","url":"https:\/\/simcut.com\/products\/knife-edge-wide\/","name":"Hojas de cuchillas de cinta para pelar y partir - Simmons Knife &amp; Saw","isPartOf":{"@id":"https:\/\/simcut.com\/#website"},"datePublished":"2021-03-02T22:04:04+00:00","dateModified":"2024-05-22T16:13:31+00:00","description":"Las hojas de cuchillas de cinta Wide Knife Edge de Simmons est\u00e1n dise\u00f1adas para pelar y dividir todo tipo de espuma, as\u00ed como productos de corcho, cuero y caucho.","breadcrumb":{"@id":"https:\/\/simcut.com\/products\/knife-edge-wide\/#breadcrumb"},"inLanguage":"es","potentialAction":[{"@type":"ReadAction","target":["https:\/\/simcut.com\/products\/knife-edge-wide\/"]}]},{"@type":"BreadcrumbList","@id":"https:\/\/simcut.com\/products\/knife-edge-wide\/#breadcrumb","itemListElement":[{"@type":"ListItem","position":1,"name":"Home","item":"https:\/\/simcut.com\/"},{"@type":"ListItem","position":2,"name":"Shop Bandknife &#038; Bandsaw Blades","item":"https:\/\/simcut.com\/products\/"},{"@type":"ListItem","position":3,"name":"Peeling &#038; Splitting Bandknife Blades"}]},{"@type":"WebSite","@id":"https:\/\/simcut.com\/#website","url":"https:\/\/simcut.com\/","name":"Cuchillo y sierra Simmons","description":"Cuchillo y sierra Simmons","potentialAction":[{"@type":"SearchAction","target":{"@type":"EntryPoint","urlTemplate":"https:\/\/simcut.com\/?s={search_term_string}"},"query-input":{"@type":"PropertyValueSpecification","valueRequired":true,"valueName":"search_term_string"}}],"inLanguage":"es"}]}},"_links":{"self":[{"href":"https:\/\/simcut.com\/es\/wp-json\/wp\/v2\/pages\/988","targetHints":{"allow":["GET"]}}],"collection":[{"href":"https:\/\/simcut.com\/es\/wp-json\/wp\/v2\/pages"}],"about":[{"href":"https:\/\/simcut.com\/es\/wp-json\/wp\/v2\/types\/page"}],"author":[{"embeddable":true,"href":"https:\/\/simcut.com\/es\/wp-json\/wp\/v2\/users\/1"}],"replies":[{"embeddable":true,"href":"https:\/\/simcut.com\/es\/wp-json\/wp\/v2\/comments?post=988"}],"version-history":[{"count":5,"href":"https:\/\/simcut.com\/es\/wp-json\/wp\/v2\/pages\/988\/revisions"}],"predecessor-version":[{"id":6776,"href":"https:\/\/simcut.com\/es\/wp-json\/wp\/v2\/pages\/988\/revisions\/6776"}],"up":[{"embeddable":true,"href":"https:\/\/simcut.com\/es\/wp-json\/wp\/v2\/pages\/246"}],"wp:attachment":[{"href":"https:\/\/simcut.com\/es\/wp-json\/wp\/v2\/media?parent=988"}],"curies":[{"name":"gracias","href":"https:\/\/api.w.org\/{rel}","templated":true}]}}