{"id":6941,"date":"2024-09-13T13:51:49","date_gmt":"2024-09-13T13:51:49","guid":{"rendered":"https:\/\/simcut.com\/?page_id=6941"},"modified":"2024-09-24T19:59:55","modified_gmt":"2024-09-24T19:59:55","slug":"durasplit-carcass-blades","status":"publish","type":"page","link":"https:\/\/simcut.com\/es\/products\/durasplit-carcass-blades\/","title":{"rendered":"Cuchillas de carcasa DuraSplit"},"content":{"rendered":"","protected":false},"excerpt":{"rendered":"","protected":false},"author":4,"featured_media":0,"parent":246,"menu_order":0,"comment_status":"closed","ping_status":"closed","template":"","meta":{"footnotes":""},"class_list":["post-6941","page","type-page","status-publish","hentry"],"yoast_head":"<!-- This site is optimized with the Yoast SEO plugin v27.4 - https:\/\/yoast.com\/product\/yoast-seo-wordpress\/ -->\n<title>DuraSplit Carcass Blades - Simmons Knife &amp; Saw<\/title>\n<meta name=\"description\" content=\"Simmons\u2019 DuraSplit Carcass blades are manufactured using a higher grade of steel, making them more durable than standard butcher blades.\" \/>\n<meta name=\"robots\" content=\"index, follow, max-snippet:-1, max-image-preview:large, max-video-preview:-1\" \/>\n<link rel=\"canonical\" href=\"https:\/\/simcut.com\/es\/products\/durasplit-carcass-blades\/\" \/>\n<meta property=\"og:locale\" content=\"es_ES\" \/>\n<meta property=\"og:type\" content=\"article\" \/>\n<meta property=\"og:title\" content=\"DuraSplit Carcass Blades - Simmons Knife &amp; Saw\" \/>\n<meta property=\"og:description\" content=\"Simmons\u2019 DuraSplit Carcass blades are manufactured using a higher grade of steel, making them more durable than standard butcher blades.\" \/>\n<meta property=\"og:url\" content=\"https:\/\/simcut.com\/es\/products\/durasplit-carcass-blades\/\" \/>\n<meta property=\"og:site_name\" content=\"Simmons Knife &amp; Saw\" \/>\n<meta property=\"article:modified_time\" content=\"2024-09-24T19:59:55+00:00\" \/>\n<meta name=\"twitter:card\" content=\"summary_large_image\" \/>\n<script type=\"application\/ld+json\" class=\"yoast-schema-graph\">{\"@context\":\"https:\\\/\\\/schema.org\",\"@graph\":[{\"@type\":\"WebPage\",\"@id\":\"https:\\\/\\\/simcut.com\\\/products\\\/durasplit-carcass-blades\\\/\",\"url\":\"https:\\\/\\\/simcut.com\\\/products\\\/durasplit-carcass-blades\\\/\",\"name\":\"DuraSplit Carcass Blades - Simmons Knife &amp; Saw\",\"isPartOf\":{\"@id\":\"https:\\\/\\\/simcut.com\\\/#website\"},\"datePublished\":\"2024-09-13T13:51:49+00:00\",\"dateModified\":\"2024-09-24T19:59:55+00:00\",\"description\":\"Simmons\u2019 DuraSplit Carcass blades are manufactured using a higher grade of steel, making them more durable than standard butcher blades.\",\"breadcrumb\":{\"@id\":\"https:\\\/\\\/simcut.com\\\/products\\\/durasplit-carcass-blades\\\/#breadcrumb\"},\"inLanguage\":\"es\",\"potentialAction\":[{\"@type\":\"ReadAction\",\"target\":[\"https:\\\/\\\/simcut.com\\\/products\\\/durasplit-carcass-blades\\\/\"]}]},{\"@type\":\"BreadcrumbList\",\"@id\":\"https:\\\/\\\/simcut.com\\\/products\\\/durasplit-carcass-blades\\\/#breadcrumb\",\"itemListElement\":[{\"@type\":\"ListItem\",\"position\":1,\"name\":\"Home\",\"item\":\"https:\\\/\\\/simcut.com\\\/\"},{\"@type\":\"ListItem\",\"position\":2,\"name\":\"Shop Bandknife &#038; Bandsaw Blades\",\"item\":\"https:\\\/\\\/simcut.com\\\/products\\\/\"},{\"@type\":\"ListItem\",\"position\":3,\"name\":\"DuraSplit Carcass Blades\"}]},{\"@type\":\"WebSite\",\"@id\":\"https:\\\/\\\/simcut.com\\\/#website\",\"url\":\"https:\\\/\\\/simcut.com\\\/\",\"name\":\"Simmons Knife &amp; Saw\",\"description\":\"Simmons Knife &amp; Saw\",\"potentialAction\":[{\"@type\":\"SearchAction\",\"target\":{\"@type\":\"EntryPoint\",\"urlTemplate\":\"https:\\\/\\\/simcut.com\\\/?s={search_term_string}\"},\"query-input\":{\"@type\":\"PropertyValueSpecification\",\"valueRequired\":true,\"valueName\":\"search_term_string\"}}],\"inLanguage\":\"es\"}]}<\/script>\n<!-- \/ Yoast SEO plugin. -->","yoast_head_json":{"title":"Hojas de carcasa DuraSplit - Simmons Knife &amp; Saw","description":"Las hojas de carcasa DuraSplit de Simmons est\u00e1n fabricadas con un acero de mayor calidad, lo que las hace m\u00e1s duraderas que las hojas de carnicero est\u00e1ndar.","robots":{"index":"index","follow":"follow","max-snippet":"max-snippet:-1","max-image-preview":"max-image-preview:large","max-video-preview":"max-video-preview:-1"},"canonical":"https:\/\/simcut.com\/es\/products\/durasplit-carcass-blades\/","og_locale":"es_ES","og_type":"article","og_title":"DuraSplit Carcass Blades - Simmons Knife &amp; Saw","og_description":"Simmons\u2019 DuraSplit Carcass blades are manufactured using a higher grade of steel, making them more durable than standard butcher blades.","og_url":"https:\/\/simcut.com\/es\/products\/durasplit-carcass-blades\/","og_site_name":"Simmons Knife &amp; Saw","article_modified_time":"2024-09-24T19:59:55+00:00","twitter_card":"summary_large_image","schema":{"@context":"https:\/\/schema.org","@graph":[{"@type":"WebPage","@id":"https:\/\/simcut.com\/products\/durasplit-carcass-blades\/","url":"https:\/\/simcut.com\/products\/durasplit-carcass-blades\/","name":"Hojas de carcasa DuraSplit - Simmons Knife &amp; Saw","isPartOf":{"@id":"https:\/\/simcut.com\/#website"},"datePublished":"2024-09-13T13:51:49+00:00","dateModified":"2024-09-24T19:59:55+00:00","description":"Las hojas de carcasa DuraSplit de Simmons est\u00e1n fabricadas con un acero de mayor calidad, lo que las hace m\u00e1s duraderas que las hojas de carnicero est\u00e1ndar.","breadcrumb":{"@id":"https:\/\/simcut.com\/products\/durasplit-carcass-blades\/#breadcrumb"},"inLanguage":"es","potentialAction":[{"@type":"ReadAction","target":["https:\/\/simcut.com\/products\/durasplit-carcass-blades\/"]}]},{"@type":"BreadcrumbList","@id":"https:\/\/simcut.com\/products\/durasplit-carcass-blades\/#breadcrumb","itemListElement":[{"@type":"ListItem","position":1,"name":"Home","item":"https:\/\/simcut.com\/"},{"@type":"ListItem","position":2,"name":"Shop Bandknife &#038; Bandsaw Blades","item":"https:\/\/simcut.com\/products\/"},{"@type":"ListItem","position":3,"name":"DuraSplit Carcass Blades"}]},{"@type":"WebSite","@id":"https:\/\/simcut.com\/#website","url":"https:\/\/simcut.com\/","name":"Cuchillo y sierra Simmons","description":"Cuchillo y sierra Simmons","potentialAction":[{"@type":"SearchAction","target":{"@type":"EntryPoint","urlTemplate":"https:\/\/simcut.com\/?s={search_term_string}"},"query-input":{"@type":"PropertyValueSpecification","valueRequired":true,"valueName":"search_term_string"}}],"inLanguage":"es"}]}},"_links":{"self":[{"href":"https:\/\/simcut.com\/es\/wp-json\/wp\/v2\/pages\/6941","targetHints":{"allow":["GET"]}}],"collection":[{"href":"https:\/\/simcut.com\/es\/wp-json\/wp\/v2\/pages"}],"about":[{"href":"https:\/\/simcut.com\/es\/wp-json\/wp\/v2\/types\/page"}],"author":[{"embeddable":true,"href":"https:\/\/simcut.com\/es\/wp-json\/wp\/v2\/users\/4"}],"replies":[{"embeddable":true,"href":"https:\/\/simcut.com\/es\/wp-json\/wp\/v2\/comments?post=6941"}],"version-history":[{"count":5,"href":"https:\/\/simcut.com\/es\/wp-json\/wp\/v2\/pages\/6941\/revisions"}],"predecessor-version":[{"id":6966,"href":"https:\/\/simcut.com\/es\/wp-json\/wp\/v2\/pages\/6941\/revisions\/6966"}],"up":[{"embeddable":true,"href":"https:\/\/simcut.com\/es\/wp-json\/wp\/v2\/pages\/246"}],"wp:attachment":[{"href":"https:\/\/simcut.com\/es\/wp-json\/wp\/v2\/media?parent=6941"}],"curies":[{"name":"gracias","href":"https:\/\/api.w.org\/{rel}","templated":true}]}}