{"id":6508,"date":"2023-10-13T20:56:35","date_gmt":"2023-10-13T20:56:35","guid":{"rendered":"https:\/\/simcut.com\/?page_id=6508"},"modified":"2023-12-05T17:14:27","modified_gmt":"2023-12-05T17:14:27","slug":"knives-for-vacuum-packaging-machines","status":"publish","type":"page","link":"https:\/\/simcut.com\/es\/products\/knives-for-vacuum-packaging-machines\/","title":{"rendered":"Cuchillas para m\u00e1quinas de envasado al vac\u00edo"},"content":{"rendered":"","protected":false},"excerpt":{"rendered":"","protected":false},"author":3,"featured_media":0,"parent":246,"menu_order":0,"comment_status":"closed","ping_status":"closed","template":"","meta":{"footnotes":""},"class_list":["post-6508","page","type-page","status-publish","hentry"],"yoast_head":"<!-- This site is optimized with the Yoast SEO plugin v27.4 - https:\/\/yoast.com\/product\/yoast-seo-wordpress\/ -->\n<title>Knives for Vacuum Packaging Machines - Simmons Knife &amp; Saw<\/title>\n<meta name=\"description\" content=\"All knives for vacuum packaging machines are manufactured from premium steel. We can also apply wear coatings to ensure long-lasting quality.\" \/>\n<meta name=\"robots\" content=\"index, follow, max-snippet:-1, max-image-preview:large, max-video-preview:-1\" \/>\n<link rel=\"canonical\" href=\"https:\/\/simcut.com\/es\/products\/knives-for-vacuum-packaging-machines\/\" \/>\n<meta property=\"og:locale\" content=\"es_ES\" \/>\n<meta property=\"og:type\" content=\"article\" \/>\n<meta property=\"og:title\" content=\"Knives for Vacuum Packaging Machines - Simmons Knife &amp; Saw\" \/>\n<meta property=\"og:description\" content=\"All knives for vacuum packaging machines are manufactured from premium steel. We can also apply wear coatings to ensure long-lasting quality.\" \/>\n<meta property=\"og:url\" content=\"https:\/\/simcut.com\/es\/products\/knives-for-vacuum-packaging-machines\/\" \/>\n<meta property=\"og:site_name\" content=\"Simmons Knife &amp; Saw\" \/>\n<meta property=\"article:modified_time\" content=\"2023-12-05T17:14:27+00:00\" \/>\n<meta name=\"twitter:card\" content=\"summary_large_image\" \/>\n<script type=\"application\/ld+json\" class=\"yoast-schema-graph\">{\"@context\":\"https:\\\/\\\/schema.org\",\"@graph\":[{\"@type\":\"WebPage\",\"@id\":\"https:\\\/\\\/simcut.com\\\/products\\\/knives-for-vacuum-packaging-machines\\\/\",\"url\":\"https:\\\/\\\/simcut.com\\\/products\\\/knives-for-vacuum-packaging-machines\\\/\",\"name\":\"Knives for Vacuum Packaging Machines - Simmons Knife &amp; Saw\",\"isPartOf\":{\"@id\":\"https:\\\/\\\/simcut.com\\\/#website\"},\"datePublished\":\"2023-10-13T20:56:35+00:00\",\"dateModified\":\"2023-12-05T17:14:27+00:00\",\"description\":\"All knives for vacuum packaging machines are manufactured from premium steel. We can also apply wear coatings to ensure long-lasting quality.\",\"breadcrumb\":{\"@id\":\"https:\\\/\\\/simcut.com\\\/products\\\/knives-for-vacuum-packaging-machines\\\/#breadcrumb\"},\"inLanguage\":\"es\",\"potentialAction\":[{\"@type\":\"ReadAction\",\"target\":[\"https:\\\/\\\/simcut.com\\\/products\\\/knives-for-vacuum-packaging-machines\\\/\"]}]},{\"@type\":\"BreadcrumbList\",\"@id\":\"https:\\\/\\\/simcut.com\\\/products\\\/knives-for-vacuum-packaging-machines\\\/#breadcrumb\",\"itemListElement\":[{\"@type\":\"ListItem\",\"position\":1,\"name\":\"Home\",\"item\":\"https:\\\/\\\/simcut.com\\\/\"},{\"@type\":\"ListItem\",\"position\":2,\"name\":\"Shop Bandknife &#038; Bandsaw Blades\",\"item\":\"https:\\\/\\\/simcut.com\\\/products\\\/\"},{\"@type\":\"ListItem\",\"position\":3,\"name\":\"Knives for Vacuum Packaging Machines\"}]},{\"@type\":\"WebSite\",\"@id\":\"https:\\\/\\\/simcut.com\\\/#website\",\"url\":\"https:\\\/\\\/simcut.com\\\/\",\"name\":\"Simmons Knife &amp; Saw\",\"description\":\"Simmons Knife &amp; Saw\",\"potentialAction\":[{\"@type\":\"SearchAction\",\"target\":{\"@type\":\"EntryPoint\",\"urlTemplate\":\"https:\\\/\\\/simcut.com\\\/?s={search_term_string}\"},\"query-input\":{\"@type\":\"PropertyValueSpecification\",\"valueRequired\":true,\"valueName\":\"search_term_string\"}}],\"inLanguage\":\"es\"}]}<\/script>\n<!-- \/ Yoast SEO plugin. -->","yoast_head_json":{"title":"Cuchillas para envasadoras al vac\u00edo - Simmons Knife &amp; Saw","description":"Todas las cuchillas para m\u00e1quinas de envasado al vac\u00edo est\u00e1n fabricadas con acero de primera calidad. Tambi\u00e9n podemos aplicar recubrimientos antidesgaste para garantizar una calidad duradera.","robots":{"index":"index","follow":"follow","max-snippet":"max-snippet:-1","max-image-preview":"max-image-preview:large","max-video-preview":"max-video-preview:-1"},"canonical":"https:\/\/simcut.com\/es\/products\/knives-for-vacuum-packaging-machines\/","og_locale":"es_ES","og_type":"article","og_title":"Knives for Vacuum Packaging Machines - Simmons Knife &amp; Saw","og_description":"All knives for vacuum packaging machines are manufactured from premium steel. We can also apply wear coatings to ensure long-lasting quality.","og_url":"https:\/\/simcut.com\/es\/products\/knives-for-vacuum-packaging-machines\/","og_site_name":"Simmons Knife &amp; Saw","article_modified_time":"2023-12-05T17:14:27+00:00","twitter_card":"summary_large_image","schema":{"@context":"https:\/\/schema.org","@graph":[{"@type":"WebPage","@id":"https:\/\/simcut.com\/products\/knives-for-vacuum-packaging-machines\/","url":"https:\/\/simcut.com\/products\/knives-for-vacuum-packaging-machines\/","name":"Cuchillas para envasadoras al vac\u00edo - Simmons Knife &amp; Saw","isPartOf":{"@id":"https:\/\/simcut.com\/#website"},"datePublished":"2023-10-13T20:56:35+00:00","dateModified":"2023-12-05T17:14:27+00:00","description":"Todas las cuchillas para m\u00e1quinas de envasado al vac\u00edo est\u00e1n fabricadas con acero de primera calidad. Tambi\u00e9n podemos aplicar recubrimientos antidesgaste para garantizar una calidad duradera.","breadcrumb":{"@id":"https:\/\/simcut.com\/products\/knives-for-vacuum-packaging-machines\/#breadcrumb"},"inLanguage":"es","potentialAction":[{"@type":"ReadAction","target":["https:\/\/simcut.com\/products\/knives-for-vacuum-packaging-machines\/"]}]},{"@type":"BreadcrumbList","@id":"https:\/\/simcut.com\/products\/knives-for-vacuum-packaging-machines\/#breadcrumb","itemListElement":[{"@type":"ListItem","position":1,"name":"Home","item":"https:\/\/simcut.com\/"},{"@type":"ListItem","position":2,"name":"Shop Bandknife &#038; Bandsaw Blades","item":"https:\/\/simcut.com\/products\/"},{"@type":"ListItem","position":3,"name":"Knives for Vacuum Packaging Machines"}]},{"@type":"WebSite","@id":"https:\/\/simcut.com\/#website","url":"https:\/\/simcut.com\/","name":"Cuchillo y sierra Simmons","description":"Cuchillo y sierra Simmons","potentialAction":[{"@type":"SearchAction","target":{"@type":"EntryPoint","urlTemplate":"https:\/\/simcut.com\/?s={search_term_string}"},"query-input":{"@type":"PropertyValueSpecification","valueRequired":true,"valueName":"search_term_string"}}],"inLanguage":"es"}]}},"_links":{"self":[{"href":"https:\/\/simcut.com\/es\/wp-json\/wp\/v2\/pages\/6508","targetHints":{"allow":["GET"]}}],"collection":[{"href":"https:\/\/simcut.com\/es\/wp-json\/wp\/v2\/pages"}],"about":[{"href":"https:\/\/simcut.com\/es\/wp-json\/wp\/v2\/types\/page"}],"author":[{"embeddable":true,"href":"https:\/\/simcut.com\/es\/wp-json\/wp\/v2\/users\/3"}],"replies":[{"embeddable":true,"href":"https:\/\/simcut.com\/es\/wp-json\/wp\/v2\/comments?post=6508"}],"version-history":[{"count":5,"href":"https:\/\/simcut.com\/es\/wp-json\/wp\/v2\/pages\/6508\/revisions"}],"predecessor-version":[{"id":6630,"href":"https:\/\/simcut.com\/es\/wp-json\/wp\/v2\/pages\/6508\/revisions\/6630"}],"up":[{"embeddable":true,"href":"https:\/\/simcut.com\/es\/wp-json\/wp\/v2\/pages\/246"}],"wp:attachment":[{"href":"https:\/\/simcut.com\/es\/wp-json\/wp\/v2\/media?parent=6508"}],"curies":[{"name":"gracias","href":"https:\/\/api.w.org\/{rel}","templated":true}]}}