{"id":6401,"date":"2023-10-09T16:37:10","date_gmt":"2023-10-09T16:37:10","guid":{"rendered":"https:\/\/simcut.com\/?page_id=6401"},"modified":"2023-10-09T16:37:49","modified_gmt":"2023-10-09T16:37:49","slug":"privacy-policy","status":"publish","type":"page","link":"https:\/\/simcut.com\/es\/about-simmons\/privacy-policy\/","title":{"rendered":"pol\u00edtica de privacidad"},"content":{"rendered":"","protected":false},"excerpt":{"rendered":"","protected":false},"author":3,"featured_media":0,"parent":2472,"menu_order":6,"comment_status":"closed","ping_status":"closed","template":"","meta":{"footnotes":""},"class_list":["post-6401","page","type-page","status-publish","hentry"],"yoast_head":"<!-- This site is optimized with the Yoast SEO plugin v27.4 - https:\/\/yoast.com\/product\/yoast-seo-wordpress\/ -->\n<title>Privacy Policy - Simmons Knife &amp; Saw<\/title>\n<meta name=\"description\" content=\"This privacy notice discloses the privacy practices for Simmons Knife &amp; Saw. It will notify you of the following.\" \/>\n<meta name=\"robots\" content=\"index, follow, max-snippet:-1, max-image-preview:large, max-video-preview:-1\" \/>\n<link rel=\"canonical\" href=\"https:\/\/simcut.com\/es\/about-simmons\/privacy-policy\/\" \/>\n<meta property=\"og:locale\" content=\"es_ES\" \/>\n<meta property=\"og:type\" content=\"article\" \/>\n<meta property=\"og:title\" content=\"Privacy Policy - Simmons Knife &amp; Saw\" \/>\n<meta property=\"og:description\" content=\"This privacy notice discloses the privacy practices for Simmons Knife &amp; Saw. It will notify you of the following.\" \/>\n<meta property=\"og:url\" content=\"https:\/\/simcut.com\/es\/about-simmons\/privacy-policy\/\" \/>\n<meta property=\"og:site_name\" content=\"Simmons Knife &amp; Saw\" \/>\n<meta property=\"article:modified_time\" content=\"2023-10-09T16:37:49+00:00\" \/>\n<meta name=\"twitter:card\" content=\"summary_large_image\" \/>\n<script type=\"application\/ld+json\" class=\"yoast-schema-graph\">{\"@context\":\"https:\\\/\\\/schema.org\",\"@graph\":[{\"@type\":\"WebPage\",\"@id\":\"https:\\\/\\\/simcut.com\\\/about-simmons\\\/privacy-policy\\\/\",\"url\":\"https:\\\/\\\/simcut.com\\\/about-simmons\\\/privacy-policy\\\/\",\"name\":\"Privacy Policy - Simmons Knife &amp; Saw\",\"isPartOf\":{\"@id\":\"https:\\\/\\\/simcut.com\\\/#website\"},\"datePublished\":\"2023-10-09T16:37:10+00:00\",\"dateModified\":\"2023-10-09T16:37:49+00:00\",\"description\":\"This privacy notice discloses the privacy practices for Simmons Knife & Saw. It will notify you of the following.\",\"breadcrumb\":{\"@id\":\"https:\\\/\\\/simcut.com\\\/about-simmons\\\/privacy-policy\\\/#breadcrumb\"},\"inLanguage\":\"es\",\"potentialAction\":[{\"@type\":\"ReadAction\",\"target\":[\"https:\\\/\\\/simcut.com\\\/about-simmons\\\/privacy-policy\\\/\"]}]},{\"@type\":\"BreadcrumbList\",\"@id\":\"https:\\\/\\\/simcut.com\\\/about-simmons\\\/privacy-policy\\\/#breadcrumb\",\"itemListElement\":[{\"@type\":\"ListItem\",\"position\":1,\"name\":\"Home\",\"item\":\"https:\\\/\\\/simcut.com\\\/\"},{\"@type\":\"ListItem\",\"position\":2,\"name\":\"About Simmons\",\"item\":\"https:\\\/\\\/simcut.com\\\/about-simmons\\\/\"},{\"@type\":\"ListItem\",\"position\":3,\"name\":\"Privacy Policy\"}]},{\"@type\":\"WebSite\",\"@id\":\"https:\\\/\\\/simcut.com\\\/#website\",\"url\":\"https:\\\/\\\/simcut.com\\\/\",\"name\":\"Simmons Knife &amp; Saw\",\"description\":\"Simmons Knife &amp; Saw\",\"potentialAction\":[{\"@type\":\"SearchAction\",\"target\":{\"@type\":\"EntryPoint\",\"urlTemplate\":\"https:\\\/\\\/simcut.com\\\/?s={search_term_string}\"},\"query-input\":{\"@type\":\"PropertyValueSpecification\",\"valueRequired\":true,\"valueName\":\"search_term_string\"}}],\"inLanguage\":\"es\"}]}<\/script>\n<!-- \/ Yoast SEO plugin. -->","yoast_head_json":{"title":"Pol\u00edtica de privacidad - Simmons Knife &amp; Saw","description":"Este aviso de privacidad describe las pr\u00e1cticas de privacidad de Simmons Knife &amp; Saw. Le informar\u00e1 sobre lo siguiente.","robots":{"index":"index","follow":"follow","max-snippet":"max-snippet:-1","max-image-preview":"max-image-preview:large","max-video-preview":"max-video-preview:-1"},"canonical":"https:\/\/simcut.com\/es\/about-simmons\/privacy-policy\/","og_locale":"es_ES","og_type":"article","og_title":"Privacy Policy - Simmons Knife &amp; Saw","og_description":"This privacy notice discloses the privacy practices for Simmons Knife & Saw. It will notify you of the following.","og_url":"https:\/\/simcut.com\/es\/about-simmons\/privacy-policy\/","og_site_name":"Simmons Knife &amp; Saw","article_modified_time":"2023-10-09T16:37:49+00:00","twitter_card":"summary_large_image","schema":{"@context":"https:\/\/schema.org","@graph":[{"@type":"WebPage","@id":"https:\/\/simcut.com\/about-simmons\/privacy-policy\/","url":"https:\/\/simcut.com\/about-simmons\/privacy-policy\/","name":"Pol\u00edtica de privacidad - Simmons Knife &amp; Saw","isPartOf":{"@id":"https:\/\/simcut.com\/#website"},"datePublished":"2023-10-09T16:37:10+00:00","dateModified":"2023-10-09T16:37:49+00:00","description":"Este aviso de privacidad describe las pr\u00e1cticas de privacidad de Simmons Knife &amp; Saw. Le informar\u00e1 sobre lo siguiente.","breadcrumb":{"@id":"https:\/\/simcut.com\/about-simmons\/privacy-policy\/#breadcrumb"},"inLanguage":"es","potentialAction":[{"@type":"ReadAction","target":["https:\/\/simcut.com\/about-simmons\/privacy-policy\/"]}]},{"@type":"BreadcrumbList","@id":"https:\/\/simcut.com\/about-simmons\/privacy-policy\/#breadcrumb","itemListElement":[{"@type":"ListItem","position":1,"name":"Home","item":"https:\/\/simcut.com\/"},{"@type":"ListItem","position":2,"name":"About Simmons","item":"https:\/\/simcut.com\/about-simmons\/"},{"@type":"ListItem","position":3,"name":"Privacy Policy"}]},{"@type":"WebSite","@id":"https:\/\/simcut.com\/#website","url":"https:\/\/simcut.com\/","name":"Cuchillo y sierra Simmons","description":"Cuchillo y sierra Simmons","potentialAction":[{"@type":"SearchAction","target":{"@type":"EntryPoint","urlTemplate":"https:\/\/simcut.com\/?s={search_term_string}"},"query-input":{"@type":"PropertyValueSpecification","valueRequired":true,"valueName":"search_term_string"}}],"inLanguage":"es"}]}},"_links":{"self":[{"href":"https:\/\/simcut.com\/es\/wp-json\/wp\/v2\/pages\/6401","targetHints":{"allow":["GET"]}}],"collection":[{"href":"https:\/\/simcut.com\/es\/wp-json\/wp\/v2\/pages"}],"about":[{"href":"https:\/\/simcut.com\/es\/wp-json\/wp\/v2\/types\/page"}],"author":[{"embeddable":true,"href":"https:\/\/simcut.com\/es\/wp-json\/wp\/v2\/users\/3"}],"replies":[{"embeddable":true,"href":"https:\/\/simcut.com\/es\/wp-json\/wp\/v2\/comments?post=6401"}],"version-history":[{"count":3,"href":"https:\/\/simcut.com\/es\/wp-json\/wp\/v2\/pages\/6401\/revisions"}],"predecessor-version":[{"id":6447,"href":"https:\/\/simcut.com\/es\/wp-json\/wp\/v2\/pages\/6401\/revisions\/6447"}],"up":[{"embeddable":true,"href":"https:\/\/simcut.com\/es\/wp-json\/wp\/v2\/pages\/2472"}],"wp:attachment":[{"href":"https:\/\/simcut.com\/es\/wp-json\/wp\/v2\/media?parent=6401"}],"curies":[{"name":"gracias","href":"https:\/\/api.w.org\/{rel}","templated":true}]}}