{"id":1044,"date":"2021-03-03T16:19:13","date_gmt":"2021-03-03T16:19:13","guid":{"rendered":"https:\/\/www.simcut.com\/?page_id=1044"},"modified":"2024-04-09T14:41:58","modified_gmt":"2024-04-09T14:41:58","slug":"c-tooth","status":"publish","type":"page","link":"https:\/\/simcut.com\/es\/products\/c-tooth\/","title":{"rendered":"Cuchillas de cuchilla con dientes en C"},"content":{"rendered":"","protected":false},"excerpt":{"rendered":"","protected":false},"author":1,"featured_media":0,"parent":246,"menu_order":0,"comment_status":"closed","ping_status":"closed","template":"","meta":{"footnotes":""},"class_list":["post-1044","page","type-page","status-publish","hentry"],"yoast_head":"<!-- This site is optimized with the Yoast SEO plugin v27.2 - https:\/\/yoast.com\/product\/yoast-seo-wordpress\/ -->\n<title>C-Tooth Bandknife Blades - Simmons Knife &amp; Saw<\/title>\n<meta name=\"description\" content=\"If you&#039;re cutting medium to high-density foam, packaging material, or plastic film, you should consider using our C-Tooth bandknife blade.\" \/>\n<meta name=\"robots\" content=\"index, follow, max-snippet:-1, max-image-preview:large, max-video-preview:-1\" \/>\n<link rel=\"canonical\" href=\"https:\/\/simcut.com\/es\/products\/c-tooth\/\" \/>\n<meta property=\"og:locale\" content=\"es_ES\" \/>\n<meta property=\"og:type\" content=\"article\" \/>\n<meta property=\"og:title\" content=\"C-Tooth Bandknife Blades - Simmons Knife &amp; Saw\" \/>\n<meta property=\"og:description\" content=\"If you&#039;re cutting medium to high-density foam, packaging material, or plastic film, you should consider using our C-Tooth bandknife blade.\" \/>\n<meta property=\"og:url\" content=\"https:\/\/simcut.com\/es\/products\/c-tooth\/\" \/>\n<meta property=\"og:site_name\" content=\"Simmons Knife &amp; Saw\" \/>\n<meta property=\"article:modified_time\" content=\"2024-04-09T14:41:58+00:00\" \/>\n<meta name=\"twitter:card\" content=\"summary_large_image\" \/>\n<script type=\"application\/ld+json\" class=\"yoast-schema-graph\">{\"@context\":\"https:\/\/schema.org\",\"@graph\":[{\"@type\":\"WebPage\",\"@id\":\"https:\/\/simcut.com\/products\/c-tooth\/\",\"url\":\"https:\/\/simcut.com\/products\/c-tooth\/\",\"name\":\"C-Tooth Bandknife Blades - Simmons Knife &amp; Saw\",\"isPartOf\":{\"@id\":\"https:\/\/simcut.com\/#website\"},\"datePublished\":\"2021-03-03T16:19:13+00:00\",\"dateModified\":\"2024-04-09T14:41:58+00:00\",\"description\":\"If you're cutting medium to high-density foam, packaging material, or plastic film, you should consider using our C-Tooth bandknife blade.\",\"breadcrumb\":{\"@id\":\"https:\/\/simcut.com\/products\/c-tooth\/#breadcrumb\"},\"inLanguage\":\"es\",\"potentialAction\":[{\"@type\":\"ReadAction\",\"target\":[\"https:\/\/simcut.com\/products\/c-tooth\/\"]}]},{\"@type\":\"BreadcrumbList\",\"@id\":\"https:\/\/simcut.com\/products\/c-tooth\/#breadcrumb\",\"itemListElement\":[{\"@type\":\"ListItem\",\"position\":1,\"name\":\"Home\",\"item\":\"https:\/\/simcut.com\/\"},{\"@type\":\"ListItem\",\"position\":2,\"name\":\"Shop Bandknife &#038; Bandsaw Blades\",\"item\":\"https:\/\/simcut.com\/products\/\"},{\"@type\":\"ListItem\",\"position\":3,\"name\":\"C-Tooth Bandknife Blades\"}]},{\"@type\":\"WebSite\",\"@id\":\"https:\/\/simcut.com\/#website\",\"url\":\"https:\/\/simcut.com\/\",\"name\":\"Simmons Knife &amp; Saw\",\"description\":\"Simmons Knife &amp; Saw\",\"potentialAction\":[{\"@type\":\"SearchAction\",\"target\":{\"@type\":\"EntryPoint\",\"urlTemplate\":\"https:\/\/simcut.com\/?s={search_term_string}\"},\"query-input\":{\"@type\":\"PropertyValueSpecification\",\"valueRequired\":true,\"valueName\":\"search_term_string\"}}],\"inLanguage\":\"es\"}]}<\/script>\n<!-- \/ Yoast SEO plugin. -->","yoast_head_json":{"title":"Hojas de cuchilla de cinta con dientes en C - Simmons Knife &amp; Saw","description":"Si est\u00e1 cortando espuma de densidad media a alta, material de embalaje o pel\u00edcula de pl\u00e1stico, deber\u00eda considerar utilizar nuestra hoja de cuchilla de banda con dientes en C.","robots":{"index":"index","follow":"follow","max-snippet":"max-snippet:-1","max-image-preview":"max-image-preview:large","max-video-preview":"max-video-preview:-1"},"canonical":"https:\/\/simcut.com\/es\/products\/c-tooth\/","og_locale":"es_ES","og_type":"article","og_title":"C-Tooth Bandknife Blades - Simmons Knife &amp; Saw","og_description":"If you're cutting medium to high-density foam, packaging material, or plastic film, you should consider using our C-Tooth bandknife blade.","og_url":"https:\/\/simcut.com\/es\/products\/c-tooth\/","og_site_name":"Simmons Knife &amp; Saw","article_modified_time":"2024-04-09T14:41:58+00:00","twitter_card":"summary_large_image","schema":{"@context":"https:\/\/schema.org","@graph":[{"@type":"WebPage","@id":"https:\/\/simcut.com\/products\/c-tooth\/","url":"https:\/\/simcut.com\/products\/c-tooth\/","name":"Hojas de cuchilla de cinta con dientes en C - Simmons Knife &amp; Saw","isPartOf":{"@id":"https:\/\/simcut.com\/#website"},"datePublished":"2021-03-03T16:19:13+00:00","dateModified":"2024-04-09T14:41:58+00:00","description":"Si est\u00e1 cortando espuma de densidad media a alta, material de embalaje o pel\u00edcula de pl\u00e1stico, deber\u00eda considerar utilizar nuestra hoja de cuchilla de banda con dientes en C.","breadcrumb":{"@id":"https:\/\/simcut.com\/products\/c-tooth\/#breadcrumb"},"inLanguage":"es","potentialAction":[{"@type":"ReadAction","target":["https:\/\/simcut.com\/products\/c-tooth\/"]}]},{"@type":"BreadcrumbList","@id":"https:\/\/simcut.com\/products\/c-tooth\/#breadcrumb","itemListElement":[{"@type":"ListItem","position":1,"name":"Home","item":"https:\/\/simcut.com\/"},{"@type":"ListItem","position":2,"name":"Shop Bandknife &#038; Bandsaw Blades","item":"https:\/\/simcut.com\/products\/"},{"@type":"ListItem","position":3,"name":"C-Tooth Bandknife Blades"}]},{"@type":"WebSite","@id":"https:\/\/simcut.com\/#website","url":"https:\/\/simcut.com\/","name":"Cuchillo y sierra Simmons","description":"Cuchillo y sierra Simmons","potentialAction":[{"@type":"SearchAction","target":{"@type":"EntryPoint","urlTemplate":"https:\/\/simcut.com\/?s={search_term_string}"},"query-input":{"@type":"PropertyValueSpecification","valueRequired":true,"valueName":"search_term_string"}}],"inLanguage":"es"}]}},"_links":{"self":[{"href":"https:\/\/simcut.com\/es\/wp-json\/wp\/v2\/pages\/1044","targetHints":{"allow":["GET"]}}],"collection":[{"href":"https:\/\/simcut.com\/es\/wp-json\/wp\/v2\/pages"}],"about":[{"href":"https:\/\/simcut.com\/es\/wp-json\/wp\/v2\/types\/page"}],"author":[{"embeddable":true,"href":"https:\/\/simcut.com\/es\/wp-json\/wp\/v2\/users\/1"}],"replies":[{"embeddable":true,"href":"https:\/\/simcut.com\/es\/wp-json\/wp\/v2\/comments?post=1044"}],"version-history":[{"count":5,"href":"https:\/\/simcut.com\/es\/wp-json\/wp\/v2\/pages\/1044\/revisions"}],"predecessor-version":[{"id":6730,"href":"https:\/\/simcut.com\/es\/wp-json\/wp\/v2\/pages\/1044\/revisions\/6730"}],"up":[{"embeddable":true,"href":"https:\/\/simcut.com\/es\/wp-json\/wp\/v2\/pages\/246"}],"wp:attachment":[{"href":"https:\/\/simcut.com\/es\/wp-json\/wp\/v2\/media?parent=1044"}],"curies":[{"name":"gracias","href":"https:\/\/api.w.org\/{rel}","templated":true}]}}