{"id":1039,"date":"2021-03-03T15:59:25","date_gmt":"2021-03-03T15:59:25","guid":{"rendered":"https:\/\/www.simcut.com\/?page_id=1039"},"modified":"2023-03-24T15:06:31","modified_gmt":"2023-03-24T15:06:31","slug":"carbide-grit","status":"publish","type":"page","link":"https:\/\/simcut.com\/es\/products\/carbide-grit\/","title":{"rendered":"Hojas de sierra de cinta de grano de carburo"},"content":{"rendered":"","protected":false},"excerpt":{"rendered":"","protected":false},"author":1,"featured_media":0,"parent":246,"menu_order":0,"comment_status":"closed","ping_status":"closed","template":"","meta":{"footnotes":""},"class_list":["post-1039","page","type-page","status-publish","hentry"],"yoast_head":"<!-- This site is optimized with the Yoast SEO plugin v27.4 - https:\/\/yoast.com\/product\/yoast-seo-wordpress\/ -->\n<title>Carbide Grit Bandsaw Blades - Simmons Knife &amp; Saw<\/title>\n<meta name=\"description\" content=\"Simmons&#039; Carbide Grit bandsaw blades are deisgned to cut hard, brittle material like ceramic tile, glass, sheet metal, and more.\" \/>\n<meta name=\"robots\" content=\"index, follow, max-snippet:-1, max-image-preview:large, max-video-preview:-1\" \/>\n<link rel=\"canonical\" href=\"https:\/\/simcut.com\/es\/products\/carbide-grit\/\" \/>\n<meta property=\"og:locale\" content=\"es_ES\" \/>\n<meta property=\"og:type\" content=\"article\" \/>\n<meta property=\"og:title\" content=\"Carbide Grit Bandsaw Blades - Simmons Knife &amp; Saw\" \/>\n<meta property=\"og:description\" content=\"Simmons&#039; Carbide Grit bandsaw blades are deisgned to cut hard, brittle material like ceramic tile, glass, sheet metal, and more.\" \/>\n<meta property=\"og:url\" content=\"https:\/\/simcut.com\/es\/products\/carbide-grit\/\" \/>\n<meta property=\"og:site_name\" content=\"Simmons Knife &amp; Saw\" \/>\n<meta property=\"article:modified_time\" content=\"2023-03-24T15:06:31+00:00\" \/>\n<meta name=\"twitter:card\" content=\"summary_large_image\" \/>\n<script type=\"application\/ld+json\" class=\"yoast-schema-graph\">{\"@context\":\"https:\\\/\\\/schema.org\",\"@graph\":[{\"@type\":\"WebPage\",\"@id\":\"https:\\\/\\\/simcut.com\\\/products\\\/carbide-grit\\\/\",\"url\":\"https:\\\/\\\/simcut.com\\\/products\\\/carbide-grit\\\/\",\"name\":\"Carbide Grit Bandsaw Blades - Simmons Knife &amp; Saw\",\"isPartOf\":{\"@id\":\"https:\\\/\\\/simcut.com\\\/#website\"},\"datePublished\":\"2021-03-03T15:59:25+00:00\",\"dateModified\":\"2023-03-24T15:06:31+00:00\",\"description\":\"Simmons' Carbide Grit bandsaw blades are deisgned to cut hard, brittle material like ceramic tile, glass, sheet metal, and more.\",\"breadcrumb\":{\"@id\":\"https:\\\/\\\/simcut.com\\\/products\\\/carbide-grit\\\/#breadcrumb\"},\"inLanguage\":\"es\",\"potentialAction\":[{\"@type\":\"ReadAction\",\"target\":[\"https:\\\/\\\/simcut.com\\\/products\\\/carbide-grit\\\/\"]}]},{\"@type\":\"BreadcrumbList\",\"@id\":\"https:\\\/\\\/simcut.com\\\/products\\\/carbide-grit\\\/#breadcrumb\",\"itemListElement\":[{\"@type\":\"ListItem\",\"position\":1,\"name\":\"Home\",\"item\":\"https:\\\/\\\/simcut.com\\\/\"},{\"@type\":\"ListItem\",\"position\":2,\"name\":\"Shop Bandknife &#038; Bandsaw Blades\",\"item\":\"https:\\\/\\\/simcut.com\\\/products\\\/\"},{\"@type\":\"ListItem\",\"position\":3,\"name\":\"Carbide Grit Bandsaw Blades\"}]},{\"@type\":\"WebSite\",\"@id\":\"https:\\\/\\\/simcut.com\\\/#website\",\"url\":\"https:\\\/\\\/simcut.com\\\/\",\"name\":\"Simmons Knife &amp; Saw\",\"description\":\"Simmons Knife &amp; Saw\",\"potentialAction\":[{\"@type\":\"SearchAction\",\"target\":{\"@type\":\"EntryPoint\",\"urlTemplate\":\"https:\\\/\\\/simcut.com\\\/?s={search_term_string}\"},\"query-input\":{\"@type\":\"PropertyValueSpecification\",\"valueRequired\":true,\"valueName\":\"search_term_string\"}}],\"inLanguage\":\"es\"}]}<\/script>\n<!-- \/ Yoast SEO plugin. -->","yoast_head_json":{"title":"Hojas de sierra de cinta con grano de carburo - Simmons Knife &amp; Saw","description":"Las hojas de sierra de cinta con grano de carburo de Simmons est\u00e1n dise\u00f1adas para cortar materiales duros y quebradizos como baldosas de cer\u00e1mica, vidrio, l\u00e1minas de metal y m\u00e1s.","robots":{"index":"index","follow":"follow","max-snippet":"max-snippet:-1","max-image-preview":"max-image-preview:large","max-video-preview":"max-video-preview:-1"},"canonical":"https:\/\/simcut.com\/es\/products\/carbide-grit\/","og_locale":"es_ES","og_type":"article","og_title":"Carbide Grit Bandsaw Blades - Simmons Knife &amp; Saw","og_description":"Simmons' Carbide Grit bandsaw blades are deisgned to cut hard, brittle material like ceramic tile, glass, sheet metal, and more.","og_url":"https:\/\/simcut.com\/es\/products\/carbide-grit\/","og_site_name":"Simmons Knife &amp; Saw","article_modified_time":"2023-03-24T15:06:31+00:00","twitter_card":"summary_large_image","schema":{"@context":"https:\/\/schema.org","@graph":[{"@type":"WebPage","@id":"https:\/\/simcut.com\/products\/carbide-grit\/","url":"https:\/\/simcut.com\/products\/carbide-grit\/","name":"Hojas de sierra de cinta con grano de carburo - Simmons Knife &amp; Saw","isPartOf":{"@id":"https:\/\/simcut.com\/#website"},"datePublished":"2021-03-03T15:59:25+00:00","dateModified":"2023-03-24T15:06:31+00:00","description":"Las hojas de sierra de cinta con grano de carburo de Simmons est\u00e1n dise\u00f1adas para cortar materiales duros y quebradizos como baldosas de cer\u00e1mica, vidrio, l\u00e1minas de metal y m\u00e1s.","breadcrumb":{"@id":"https:\/\/simcut.com\/products\/carbide-grit\/#breadcrumb"},"inLanguage":"es","potentialAction":[{"@type":"ReadAction","target":["https:\/\/simcut.com\/products\/carbide-grit\/"]}]},{"@type":"BreadcrumbList","@id":"https:\/\/simcut.com\/products\/carbide-grit\/#breadcrumb","itemListElement":[{"@type":"ListItem","position":1,"name":"Home","item":"https:\/\/simcut.com\/"},{"@type":"ListItem","position":2,"name":"Shop Bandknife &#038; Bandsaw Blades","item":"https:\/\/simcut.com\/products\/"},{"@type":"ListItem","position":3,"name":"Carbide Grit Bandsaw Blades"}]},{"@type":"WebSite","@id":"https:\/\/simcut.com\/#website","url":"https:\/\/simcut.com\/","name":"Cuchillo y sierra Simmons","description":"Cuchillo y sierra Simmons","potentialAction":[{"@type":"SearchAction","target":{"@type":"EntryPoint","urlTemplate":"https:\/\/simcut.com\/?s={search_term_string}"},"query-input":{"@type":"PropertyValueSpecification","valueRequired":true,"valueName":"search_term_string"}}],"inLanguage":"es"}]}},"_links":{"self":[{"href":"https:\/\/simcut.com\/es\/wp-json\/wp\/v2\/pages\/1039","targetHints":{"allow":["GET"]}}],"collection":[{"href":"https:\/\/simcut.com\/es\/wp-json\/wp\/v2\/pages"}],"about":[{"href":"https:\/\/simcut.com\/es\/wp-json\/wp\/v2\/types\/page"}],"author":[{"embeddable":true,"href":"https:\/\/simcut.com\/es\/wp-json\/wp\/v2\/users\/1"}],"replies":[{"embeddable":true,"href":"https:\/\/simcut.com\/es\/wp-json\/wp\/v2\/comments?post=1039"}],"version-history":[{"count":6,"href":"https:\/\/simcut.com\/es\/wp-json\/wp\/v2\/pages\/1039\/revisions"}],"predecessor-version":[{"id":6158,"href":"https:\/\/simcut.com\/es\/wp-json\/wp\/v2\/pages\/1039\/revisions\/6158"}],"up":[{"embeddable":true,"href":"https:\/\/simcut.com\/es\/wp-json\/wp\/v2\/pages\/246"}],"wp:attachment":[{"href":"https:\/\/simcut.com\/es\/wp-json\/wp\/v2\/media?parent=1039"}],"curies":[{"name":"gracias","href":"https:\/\/api.w.org\/{rel}","templated":true}]}}