{"id":1033,"date":"2021-03-03T15:44:15","date_gmt":"2021-03-03T15:44:15","guid":{"rendered":"https:\/\/www.simcut.com\/?page_id=1033"},"modified":"2022-07-18T20:29:04","modified_gmt":"2022-07-18T20:29:04","slug":"filed-in-the-gullet","status":"publish","type":"page","link":"https:\/\/simcut.com\/es\/products\/filed-in-the-gullet\/","title":{"rendered":"Hojas de navaja limadas en la garganta"},"content":{"rendered":"","protected":false},"excerpt":{"rendered":"","protected":false},"author":1,"featured_media":0,"parent":246,"menu_order":0,"comment_status":"closed","ping_status":"closed","template":"","meta":{"footnotes":""},"class_list":["post-1033","page","type-page","status-publish","hentry"],"yoast_head":"<!-- This site is optimized with the Yoast SEO plugin v27.4 - https:\/\/yoast.com\/product\/yoast-seo-wordpress\/ -->\n<title>Filed-in-the-Gullet Bandknife Blades - Simmons Knife &amp; Saw<\/title>\n<meta name=\"description\" content=\"Simmons&#039; Filed-in-the-Gullet bandknife blades are specifically designed for perforating applications mainly seen in the packaging industry.\" \/>\n<meta name=\"robots\" content=\"index, follow, max-snippet:-1, max-image-preview:large, max-video-preview:-1\" \/>\n<link rel=\"canonical\" href=\"https:\/\/simcut.com\/es\/products\/filed-in-the-gullet\/\" \/>\n<meta property=\"og:locale\" content=\"es_ES\" \/>\n<meta property=\"og:type\" content=\"article\" \/>\n<meta property=\"og:title\" content=\"Filed-in-the-Gullet Bandknife Blades - Simmons Knife &amp; Saw\" \/>\n<meta property=\"og:description\" content=\"Simmons&#039; Filed-in-the-Gullet bandknife blades are specifically designed for perforating applications mainly seen in the packaging industry.\" \/>\n<meta property=\"og:url\" content=\"https:\/\/simcut.com\/es\/products\/filed-in-the-gullet\/\" \/>\n<meta property=\"og:site_name\" content=\"Simmons Knife &amp; Saw\" \/>\n<meta property=\"article:modified_time\" content=\"2022-07-18T20:29:04+00:00\" \/>\n<meta name=\"twitter:card\" content=\"summary_large_image\" \/>\n<script type=\"application\/ld+json\" class=\"yoast-schema-graph\">{\"@context\":\"https:\\\/\\\/schema.org\",\"@graph\":[{\"@type\":\"WebPage\",\"@id\":\"https:\\\/\\\/simcut.com\\\/products\\\/filed-in-the-gullet\\\/\",\"url\":\"https:\\\/\\\/simcut.com\\\/products\\\/filed-in-the-gullet\\\/\",\"name\":\"Filed-in-the-Gullet Bandknife Blades - Simmons Knife &amp; Saw\",\"isPartOf\":{\"@id\":\"https:\\\/\\\/simcut.com\\\/#website\"},\"datePublished\":\"2021-03-03T15:44:15+00:00\",\"dateModified\":\"2022-07-18T20:29:04+00:00\",\"description\":\"Simmons' Filed-in-the-Gullet bandknife blades are specifically designed for perforating applications mainly seen in the packaging industry.\",\"breadcrumb\":{\"@id\":\"https:\\\/\\\/simcut.com\\\/products\\\/filed-in-the-gullet\\\/#breadcrumb\"},\"inLanguage\":\"es\",\"potentialAction\":[{\"@type\":\"ReadAction\",\"target\":[\"https:\\\/\\\/simcut.com\\\/products\\\/filed-in-the-gullet\\\/\"]}]},{\"@type\":\"BreadcrumbList\",\"@id\":\"https:\\\/\\\/simcut.com\\\/products\\\/filed-in-the-gullet\\\/#breadcrumb\",\"itemListElement\":[{\"@type\":\"ListItem\",\"position\":1,\"name\":\"Home\",\"item\":\"https:\\\/\\\/simcut.com\\\/\"},{\"@type\":\"ListItem\",\"position\":2,\"name\":\"Shop Bandknife &#038; Bandsaw Blades\",\"item\":\"https:\\\/\\\/simcut.com\\\/products\\\/\"},{\"@type\":\"ListItem\",\"position\":3,\"name\":\"Filed-in-the-Gullet Bandknife Blades\"}]},{\"@type\":\"WebSite\",\"@id\":\"https:\\\/\\\/simcut.com\\\/#website\",\"url\":\"https:\\\/\\\/simcut.com\\\/\",\"name\":\"Simmons Knife &amp; Saw\",\"description\":\"Simmons Knife &amp; Saw\",\"potentialAction\":[{\"@type\":\"SearchAction\",\"target\":{\"@type\":\"EntryPoint\",\"urlTemplate\":\"https:\\\/\\\/simcut.com\\\/?s={search_term_string}\"},\"query-input\":{\"@type\":\"PropertyValueSpecification\",\"valueRequired\":true,\"valueName\":\"search_term_string\"}}],\"inLanguage\":\"es\"}]}<\/script>\n<!-- \/ Yoast SEO plugin. -->","yoast_head_json":{"title":"Hojas de cuchillo de banda con filo de garganta - Simmons Knife &amp; Saw","description":"Las hojas de cuchillas de banda con filo en la garganta de Simmons est\u00e1n dise\u00f1adas espec\u00edficamente para aplicaciones de perforaci\u00f3n que se ven principalmente en la industria del embalaje.","robots":{"index":"index","follow":"follow","max-snippet":"max-snippet:-1","max-image-preview":"max-image-preview:large","max-video-preview":"max-video-preview:-1"},"canonical":"https:\/\/simcut.com\/es\/products\/filed-in-the-gullet\/","og_locale":"es_ES","og_type":"article","og_title":"Filed-in-the-Gullet Bandknife Blades - Simmons Knife &amp; Saw","og_description":"Simmons' Filed-in-the-Gullet bandknife blades are specifically designed for perforating applications mainly seen in the packaging industry.","og_url":"https:\/\/simcut.com\/es\/products\/filed-in-the-gullet\/","og_site_name":"Simmons Knife &amp; Saw","article_modified_time":"2022-07-18T20:29:04+00:00","twitter_card":"summary_large_image","schema":{"@context":"https:\/\/schema.org","@graph":[{"@type":"WebPage","@id":"https:\/\/simcut.com\/products\/filed-in-the-gullet\/","url":"https:\/\/simcut.com\/products\/filed-in-the-gullet\/","name":"Hojas de cuchillo de banda con filo de garganta - Simmons Knife &amp; Saw","isPartOf":{"@id":"https:\/\/simcut.com\/#website"},"datePublished":"2021-03-03T15:44:15+00:00","dateModified":"2022-07-18T20:29:04+00:00","description":"Las hojas de cuchillas de banda con filo en la garganta de Simmons est\u00e1n dise\u00f1adas espec\u00edficamente para aplicaciones de perforaci\u00f3n que se ven principalmente en la industria del embalaje.","breadcrumb":{"@id":"https:\/\/simcut.com\/products\/filed-in-the-gullet\/#breadcrumb"},"inLanguage":"es","potentialAction":[{"@type":"ReadAction","target":["https:\/\/simcut.com\/products\/filed-in-the-gullet\/"]}]},{"@type":"BreadcrumbList","@id":"https:\/\/simcut.com\/products\/filed-in-the-gullet\/#breadcrumb","itemListElement":[{"@type":"ListItem","position":1,"name":"Home","item":"https:\/\/simcut.com\/"},{"@type":"ListItem","position":2,"name":"Shop Bandknife &#038; Bandsaw Blades","item":"https:\/\/simcut.com\/products\/"},{"@type":"ListItem","position":3,"name":"Filed-in-the-Gullet Bandknife Blades"}]},{"@type":"WebSite","@id":"https:\/\/simcut.com\/#website","url":"https:\/\/simcut.com\/","name":"Cuchillo y sierra Simmons","description":"Cuchillo y sierra Simmons","potentialAction":[{"@type":"SearchAction","target":{"@type":"EntryPoint","urlTemplate":"https:\/\/simcut.com\/?s={search_term_string}"},"query-input":{"@type":"PropertyValueSpecification","valueRequired":true,"valueName":"search_term_string"}}],"inLanguage":"es"}]}},"_links":{"self":[{"href":"https:\/\/simcut.com\/es\/wp-json\/wp\/v2\/pages\/1033","targetHints":{"allow":["GET"]}}],"collection":[{"href":"https:\/\/simcut.com\/es\/wp-json\/wp\/v2\/pages"}],"about":[{"href":"https:\/\/simcut.com\/es\/wp-json\/wp\/v2\/types\/page"}],"author":[{"embeddable":true,"href":"https:\/\/simcut.com\/es\/wp-json\/wp\/v2\/users\/1"}],"replies":[{"embeddable":true,"href":"https:\/\/simcut.com\/es\/wp-json\/wp\/v2\/comments?post=1033"}],"version-history":[{"count":5,"href":"https:\/\/simcut.com\/es\/wp-json\/wp\/v2\/pages\/1033\/revisions"}],"predecessor-version":[{"id":5856,"href":"https:\/\/simcut.com\/es\/wp-json\/wp\/v2\/pages\/1033\/revisions\/5856"}],"up":[{"embeddable":true,"href":"https:\/\/simcut.com\/es\/wp-json\/wp\/v2\/pages\/246"}],"wp:attachment":[{"href":"https:\/\/simcut.com\/es\/wp-json\/wp\/v2\/media?parent=1033"}],"curies":[{"name":"gracias","href":"https:\/\/api.w.org\/{rel}","templated":true}]}}